{"id":918,"date":"2025-01-14T19:18:06","date_gmt":"2025-01-14T18:18:06","guid":{"rendered":"https:\/\/www.xn--lacabanedelhetreaim-tzb.be\/?page_id=918"},"modified":"2025-01-14T19:18:06","modified_gmt":"2025-01-14T18:18:06","slug":"faq","status":"publish","type":"page","link":"https:\/\/www.lacabanedelhetreaime.be\/faq\/","title":{"rendered":"FAQ"},"content":{"rendered":"<div  class=\"ewd-ufaq-faq-list ewd-ufaq-page-type-distinct ewd-ufaq-category-tabs-\" id='ewd-ufaq-faq-list'>\n\n\t<input type='hidden' name='show_on_load' value='' id='ewd-ufaq-show-on-load' \/>\n<input type='hidden' name='include_category' value='' id='ewd-ufaq-include-category' \/>\n<input type='hidden' name='exclude_category' value='' id='ewd-ufaq-exclude-category' \/>\n<input type='hidden' name='orderby' value='title' id='ewd-ufaq-orderby' \/>\n<input type='hidden' name='order' value='asc' id='ewd-ufaq-order' \/>\n<input type='hidden' name='post_count' value='-1' id='ewd-ufaq-post-count' \/>\n<input type='hidden' name='current_url' value='\/index.php\/wp-json\/wp\/v2\/pages\/918' id='ewd-ufaq-current-url' \/>\n\t\n\t\n\t<div class='ewd-ufaq-faqs'>\n\n\t\t<div  class=\"ewd-ufaq-faq-div ewd-ufaq-faq-column-count-one ewd-ufaq-faq-responsive-columns- ewd-ufaq-faq-display-style-default ewd-ufaq-can-be-toggled\" id='ewd-ufaq-post-957-vABq9W6CGM' data-post_id='957'>\n\n\t\t\n\t<div class='ewd-ufaq-faq-title ewd-ufaq-faq-toggle'>\n\t\n\t<a class='ewd-ufaq-post-margin'  href='#' role=\"button\">\n\n\t\t<div class='ewd-ufaq-post-margin-symbol ewd-ufaq-'>\n\t\t\t<span >a<\/span>\n\t\t<\/div>\n\n\t\t<div class='ewd-ufaq-faq-title-text'>\n\n\t\t\t<h4>\n\t\t\t\tComment est servi le petit d\u00e9jeuner\u00a0?\t\t\t<\/h4>\n\n\t\t<\/div>\n\n\t\t<div class='ewd-ufaq-clear'><\/div>\n\n\t<\/a>\n\t\n<\/div>\n\t\n\t<div class='ewd-ufaq-faq-body ewd-ufaq-hidden' >\n\n\t\t\n\t\t\t<div class='ewd-ufaq-faq-categories'>\n\t\n\tCategory:\n\t\n\t\t<a href=\"https:\/\/www.lacabanedelhetreaime.be\/ufaq\/y-a-t-il-une-connexion-internet\/?include_category=activites-et-services\">Activit\u00e9s et services<\/a>\n\t\n<\/div>\n\t\t\n\t\t\t<div class='ewd-ufaq-post-margin ewd-ufaq-faq-post'>\n\t\n<p>Votre panier d\u00e9jeuner sera pendu \u00e0 une corde vers 8h30, le matin. De la terrasse, vous devrez le remonter. Il est compos\u00e9 de produits frais sal\u00e9s et sucr\u00e9s et est pr\u00e9par\u00e9 par notre partenaire \u00ab\u00a0Les as des p\u2019tits creux\u00a0\u00bb.<\/p>\n<\/div>\n\t\t\n\t\t\t\n\t\t\n\t\t\t\n\t\t\n\t\t\t\n\t\t\n\t\t\t\n\t\t\n\t\t\t\n\t\t\n\t\t\t\n\t\t\n\t\t\t\n\t\t\n\t\t\t\n\t\t\n\t<\/div>\n\n<\/div><div  class=\"ewd-ufaq-faq-div ewd-ufaq-faq-column-count-one ewd-ufaq-faq-responsive-columns- ewd-ufaq-faq-display-style-default ewd-ufaq-can-be-toggled\" id='ewd-ufaq-post-942-Bnt8vIGK7n' data-post_id='942'>\n\n\t\t\n\t<div class='ewd-ufaq-faq-title ewd-ufaq-faq-toggle'>\n\t\n\t<a class='ewd-ufaq-post-margin'  href='#' role=\"button\">\n\n\t\t<div class='ewd-ufaq-post-margin-symbol ewd-ufaq-'>\n\t\t\t<span >a<\/span>\n\t\t<\/div>\n\n\t\t<div class='ewd-ufaq-faq-title-text'>\n\n\t\t\t<h4>\n\t\t\t\tComment puis-je offrir une nuit insolite ?\t\t\t<\/h4>\n\n\t\t<\/div>\n\n\t\t<div class='ewd-ufaq-clear'><\/div>\n\n\t<\/a>\n\t\n<\/div>\n\t\n\t<div class='ewd-ufaq-faq-body ewd-ufaq-hidden' >\n\n\t\t\n\t\t\t<div class='ewd-ufaq-faq-categories'>\n\t\n\tCategory:\n\t\n\t\t<a href=\"https:\/\/www.lacabanedelhetreaime.be\/ufaq\/y-a-t-il-une-connexion-internet\/?include_category=reservations\">R\u00e9servations<\/a>\n\t\n<\/div>\n\t\t\n\t\t\t<div class='ewd-ufaq-post-margin ewd-ufaq-faq-post'>\n\t<p>Vous pouvez r\u00e9server des bons cadeaux sur notre site internet. Si vous d\u00e9sirez un bon personnalis\u00e9, c\u2019est possible en nous faisant la demande par mail. Nous vous l\u2019enverrons ensuite.<\/p>\n<\/div>\n\t\t\n\t\t\t\n\t\t\n\t\t\t\n\t\t\n\t\t\t\n\t\t\n\t\t\t\n\t\t\n\t\t\t\n\t\t\n\t\t\t\n\t\t\n\t\t\t\n\t\t\n\t\t\t\n\t\t\n\t<\/div>\n\n<\/div><div  class=\"ewd-ufaq-faq-div ewd-ufaq-faq-column-count-one ewd-ufaq-faq-responsive-columns- ewd-ufaq-faq-display-style-default ewd-ufaq-can-be-toggled\" id='ewd-ufaq-post-938-QVCJ5BvHDy' data-post_id='938'>\n\n\t\t\n\t<div class='ewd-ufaq-faq-title ewd-ufaq-faq-toggle'>\n\t\n\t<a class='ewd-ufaq-post-margin'  href='#' role=\"button\">\n\n\t\t<div class='ewd-ufaq-post-margin-symbol ewd-ufaq-'>\n\t\t\t<span >a<\/span>\n\t\t<\/div>\n\n\t\t<div class='ewd-ufaq-faq-title-text'>\n\n\t\t\t<h4>\n\t\t\t\tComment r\u00e9server mon s\u00e9jour ?\t\t\t<\/h4>\n\n\t\t<\/div>\n\n\t\t<div class='ewd-ufaq-clear'><\/div>\n\n\t<\/a>\n\t\n<\/div>\n\t\n\t<div class='ewd-ufaq-faq-body ewd-ufaq-hidden' >\n\n\t\t\n\t\t\t<div class='ewd-ufaq-faq-categories'>\n\t\n\tCategory:\n\t\n\t\t<a href=\"https:\/\/www.lacabanedelhetreaime.be\/ufaq\/y-a-t-il-une-connexion-internet\/?include_category=reservations\">R\u00e9servations<\/a>\n\t\n<\/div>\n\t\t\n\t\t\t<div class='ewd-ufaq-post-margin ewd-ufaq-faq-post'>\n\t<p>Vous pouvez r\u00e9server directement sur notre site web ou nous contacter par e-mail \u00e0 contact@lacabanedelhetreaime.be. Un acompte de 25 % est requis pour confirmer votre r\u00e9servation.<\/p>\n<\/div>\n\t\t\n\t\t\t\n\t\t\n\t\t\t\n\t\t\n\t\t\t\n\t\t\n\t\t\t\n\t\t\n\t\t\t\n\t\t\n\t\t\t\n\t\t\n\t\t\t\n\t\t\n\t\t\t\n\t\t\n\t<\/div>\n\n<\/div><div  class=\"ewd-ufaq-faq-div ewd-ufaq-faq-column-count-one ewd-ufaq-faq-responsive-columns- ewd-ufaq-faq-display-style-default ewd-ufaq-can-be-toggled\" id='ewd-ufaq-post-943-YAlyrTkvr9' data-post_id='943'>\n\n\t\t\n\t<div class='ewd-ufaq-faq-title ewd-ufaq-faq-toggle'>\n\t\n\t<a class='ewd-ufaq-post-margin'  href='#' role=\"button\">\n\n\t\t<div class='ewd-ufaq-post-margin-symbol ewd-ufaq-'>\n\t\t\t<span >a<\/span>\n\t\t<\/div>\n\n\t\t<div class='ewd-ufaq-faq-title-text'>\n\n\t\t\t<h4>\n\t\t\t\tEst-il possible de venir avec un b\u00e9b\u00e9 ?\t\t\t<\/h4>\n\n\t\t<\/div>\n\n\t\t<div class='ewd-ufaq-clear'><\/div>\n\n\t<\/a>\n\t\n<\/div>\n\t\n\t<div class='ewd-ufaq-faq-body ewd-ufaq-hidden' >\n\n\t\t\n\t\t\t<div class='ewd-ufaq-faq-categories'>\n\t\n\tCategory:\n\t\n\t\t<a href=\"https:\/\/www.lacabanedelhetreaime.be\/ufaq\/y-a-t-il-une-connexion-internet\/?include_category=reservations\">R\u00e9servations<\/a>\n\t\n<\/div>\n\t\t\n\t\t\t<div class='ewd-ufaq-post-margin ewd-ufaq-faq-post'>\n\t<p>Merci de nous contacter avant de r\u00e9server.<\/p>\n<\/div>\n\t\t\n\t\t\t\n\t\t\n\t\t\t\n\t\t\n\t\t\t\n\t\t\n\t\t\t\n\t\t\n\t\t\t\n\t\t\n\t\t\t\n\t\t\n\t\t\t\n\t\t\n\t\t\t\n\t\t\n\t<\/div>\n\n<\/div><div  class=\"ewd-ufaq-faq-div ewd-ufaq-faq-column-count-one ewd-ufaq-faq-responsive-columns- ewd-ufaq-faq-display-style-default ewd-ufaq-can-be-toggled\" id='ewd-ufaq-post-952-WiUdCKMMWp' data-post_id='952'>\n\n\t\t\n\t<div class='ewd-ufaq-faq-title ewd-ufaq-faq-toggle'>\n\t\n\t<a class='ewd-ufaq-post-margin'  href='#' role=\"button\">\n\n\t\t<div class='ewd-ufaq-post-margin-symbol ewd-ufaq-'>\n\t\t\t<span >a<\/span>\n\t\t<\/div>\n\n\t\t<div class='ewd-ufaq-faq-title-text'>\n\n\t\t\t<h4>\n\t\t\t\tLe g\u00eete est-il \u00e9quip\u00e9 de toilettes s\u00e8ches ?\t\t\t<\/h4>\n\n\t\t<\/div>\n\n\t\t<div class='ewd-ufaq-clear'><\/div>\n\n\t<\/a>\n\t\n<\/div>\n\t\n\t<div class='ewd-ufaq-faq-body ewd-ufaq-hidden' >\n\n\t\t\n\t\t\t<div class='ewd-ufaq-faq-categories'>\n\t\n\tCategory:\n\t\n\t\t<a href=\"https:\/\/www.lacabanedelhetreaime.be\/ufaq\/y-a-t-il-une-connexion-internet\/?include_category=equipements\">\u00c9quipements<\/a>\n\t\n<\/div>\n\t\t\n\t\t\t<div class='ewd-ufaq-post-margin ewd-ufaq-faq-post'>\n\t\n<p>Non, le g\u00eete dispose de toilettes modernes.<\/p>\n<\/div>\n\t\t\n\t\t\t\n\t\t\n\t\t\t\n\t\t\n\t\t\t\n\t\t\n\t\t\t\n\t\t\n\t\t\t\n\t\t\n\t\t\t\n\t\t\n\t\t\t\n\t\t\n\t\t\t\n\t\t\n\t<\/div>\n\n<\/div><div  class=\"ewd-ufaq-faq-div ewd-ufaq-faq-column-count-one ewd-ufaq-faq-responsive-columns- ewd-ufaq-faq-display-style-default ewd-ufaq-can-be-toggled\" id='ewd-ufaq-post-959-cx2jUKhb3F' data-post_id='959'>\n\n\t\t\n\t<div class='ewd-ufaq-faq-title ewd-ufaq-faq-toggle'>\n\t\n\t<a class='ewd-ufaq-post-margin'  href='#' role=\"button\">\n\n\t\t<div class='ewd-ufaq-post-margin-symbol ewd-ufaq-'>\n\t\t\t<span >a<\/span>\n\t\t<\/div>\n\n\t\t<div class='ewd-ufaq-faq-title-text'>\n\n\t\t\t<h4>\n\t\t\t\tLes animaux de compagnie sont-ils autoris\u00e9s ?\t\t\t<\/h4>\n\n\t\t<\/div>\n\n\t\t<div class='ewd-ufaq-clear'><\/div>\n\n\t<\/a>\n\t\n<\/div>\n\t\n\t<div class='ewd-ufaq-faq-body ewd-ufaq-hidden' >\n\n\t\t\n\t\t\t<div class='ewd-ufaq-faq-categories'>\n\t\n\tCategory:\n\t\n\t\t<a href=\"https:\/\/www.lacabanedelhetreaime.be\/ufaq\/y-a-t-il-une-connexion-internet\/?include_category=regles-du-gite\">R\u00e8gles du g\u00eete<\/a>\n\t\n<\/div>\n\t\t\n\t\t\t<div class='ewd-ufaq-post-margin ewd-ufaq-faq-post'>\n\t\n<p>A la demande les petits chiens peuvent \u00eatre accept\u00e9s. Veuillez contacter les propri\u00e9taires.<\/p>\n<\/div>\n\t\t\n\t\t\t\n\t\t\n\t\t\t\n\t\t\n\t\t\t\n\t\t\n\t\t\t\n\t\t\n\t\t\t\n\t\t\n\t\t\t\n\t\t\n\t\t\t\n\t\t\n\t\t\t\n\t\t\n\t<\/div>\n\n<\/div><div  class=\"ewd-ufaq-faq-div ewd-ufaq-faq-column-count-one ewd-ufaq-faq-responsive-columns- ewd-ufaq-faq-display-style-default ewd-ufaq-can-be-toggled\" id='ewd-ufaq-post-949-RLd50NiMq0' data-post_id='949'>\n\n\t\t\n\t<div class='ewd-ufaq-faq-title ewd-ufaq-faq-toggle'>\n\t\n\t<a class='ewd-ufaq-post-margin'  href='#' role=\"button\">\n\n\t\t<div class='ewd-ufaq-post-margin-symbol ewd-ufaq-'>\n\t\t\t<span >a<\/span>\n\t\t<\/div>\n\n\t\t<div class='ewd-ufaq-faq-title-text'>\n\n\t\t\t<h4>\n\t\t\t\tO\u00f9 se trouve le g\u00eete ?\t\t\t<\/h4>\n\n\t\t<\/div>\n\n\t\t<div class='ewd-ufaq-clear'><\/div>\n\n\t<\/a>\n\t\n<\/div>\n\t\n\t<div class='ewd-ufaq-faq-body ewd-ufaq-hidden' >\n\n\t\t\n\t\t\t<div class='ewd-ufaq-faq-categories'>\n\t\n\tCategory:\n\t\n\t\t<a href=\"https:\/\/www.lacabanedelhetreaime.be\/ufaq\/y-a-t-il-une-connexion-internet\/?include_category=arrivee-et-depart\">Arriv\u00e9e et d\u00e9part<\/a>\n\t\n<\/div>\n\t\t\n\t\t\t<div class='ewd-ufaq-post-margin ewd-ufaq-faq-post'>\n\t\n<p>Adresse : Rue de la Batterie 1, 4180 Comblain-la-Tour. Il est dans le fond de notre jardin for\u00eat, avec vue sur verger, pr\u00e9 et bois.<\/p>\n<\/div>\n\t\t\n\t\t\t\n\t\t\n\t\t\t\n\t\t\n\t\t\t\n\t\t\n\t\t\t\n\t\t\n\t\t\t\n\t\t\n\t\t\t\n\t\t\n\t\t\t\n\t\t\n\t\t\t\n\t\t\n\t<\/div>\n\n<\/div><div  class=\"ewd-ufaq-faq-div ewd-ufaq-faq-column-count-one ewd-ufaq-faq-responsive-columns- ewd-ufaq-faq-display-style-default ewd-ufaq-can-be-toggled\" id='ewd-ufaq-post-956-1y4h84TexI' data-post_id='956'>\n\n\t\t\n\t<div class='ewd-ufaq-faq-title ewd-ufaq-faq-toggle'>\n\t\n\t<a class='ewd-ufaq-post-margin'  href='#' role=\"button\">\n\n\t\t<div class='ewd-ufaq-post-margin-symbol ewd-ufaq-'>\n\t\t\t<span >a<\/span>\n\t\t<\/div>\n\n\t\t<div class='ewd-ufaq-faq-title-text'>\n\n\t\t\t<h4>\n\t\t\t\tPeut-on louer des v\u00e9los \u00e0 proximit\u00e9 ?\t\t\t<\/h4>\n\n\t\t<\/div>\n\n\t\t<div class='ewd-ufaq-clear'><\/div>\n\n\t<\/a>\n\t\n<\/div>\n\t\n\t<div class='ewd-ufaq-faq-body ewd-ufaq-hidden' >\n\n\t\t\n\t\t\t<div class='ewd-ufaq-faq-categories'>\n\t\n\tCategory:\n\t\n\t\t<a href=\"https:\/\/www.lacabanedelhetreaime.be\/ufaq\/y-a-t-il-une-connexion-internet\/?include_category=activites-et-services\">Activit\u00e9s et services<\/a>\n\t\n<\/div>\n\t\t\n\t\t\t<div class='ewd-ufaq-post-margin ewd-ufaq-faq-post'>\n\t\n<p>Oui, vous pouvez louer des v\u00e9los \u00e0 la Ferme de Palogne.<\/p>\n<\/div>\n\t\t\n\t\t\t\n\t\t\n\t\t\t\n\t\t\n\t\t\t\n\t\t\n\t\t\t\n\t\t\n\t\t\t\n\t\t\n\t\t\t\n\t\t\n\t\t\t\n\t\t\n\t\t\t\n\t\t\n\t<\/div>\n\n<\/div><div  class=\"ewd-ufaq-faq-div ewd-ufaq-faq-column-count-one ewd-ufaq-faq-responsive-columns- ewd-ufaq-faq-display-style-default ewd-ufaq-can-be-toggled\" id='ewd-ufaq-post-941-AqqsoI56DD' data-post_id='941'>\n\n\t\t\n\t<div class='ewd-ufaq-faq-title ewd-ufaq-faq-toggle'>\n\t\n\t<a class='ewd-ufaq-post-margin'  href='#' role=\"button\">\n\n\t\t<div class='ewd-ufaq-post-margin-symbol ewd-ufaq-'>\n\t\t\t<span >a<\/span>\n\t\t<\/div>\n\n\t\t<div class='ewd-ufaq-faq-title-text'>\n\n\t\t\t<h4>\n\t\t\t\tQuelle est la politique d\u2019annulation ?\t\t\t<\/h4>\n\n\t\t<\/div>\n\n\t\t<div class='ewd-ufaq-clear'><\/div>\n\n\t<\/a>\n\t\n<\/div>\n\t\n\t<div class='ewd-ufaq-faq-body ewd-ufaq-hidden' >\n\n\t\t\n\t\t\t<div class='ewd-ufaq-faq-categories'>\n\t\n\tCategory:\n\t\n\t\t<a href=\"https:\/\/www.lacabanedelhetreaime.be\/ufaq\/y-a-t-il-une-connexion-internet\/?include_category=reservations\">R\u00e9servations<\/a>\n\t\n<\/div>\n\t\t\n\t\t\t<div class='ewd-ufaq-post-margin ewd-ufaq-faq-post'>\n\t<p>&#8211; 50 % rembours\u00e9s pour une annulation 15 \u00e0 29 jours avant l\u2019arriv\u00e9e. &#8211; 25 % rembours\u00e9s pour une annulation 8 \u00e0 14 jours avant l\u2019arriv\u00e9e. &#8211; Aucun remboursement pour une annulation 7 jours ou moins avant l\u2019arriv\u00e9e.<\/p>\n<\/div>\n\t\t\n\t\t\t\n\t\t\n\t\t\t\n\t\t\n\t\t\t\n\t\t\n\t\t\t\n\t\t\n\t\t\t\n\t\t\n\t\t\t\n\t\t\n\t\t\t\n\t\t\n\t\t\t\n\t\t\n\t<\/div>\n\n<\/div><div  class=\"ewd-ufaq-faq-div ewd-ufaq-faq-column-count-one ewd-ufaq-faq-responsive-columns- ewd-ufaq-faq-display-style-default ewd-ufaq-can-be-toggled\" id='ewd-ufaq-post-954-gIuZIdiBom' data-post_id='954'>\n\n\t\t\n\t<div class='ewd-ufaq-faq-title ewd-ufaq-faq-toggle'>\n\t\n\t<a class='ewd-ufaq-post-margin'  href='#' role=\"button\">\n\n\t\t<div class='ewd-ufaq-post-margin-symbol ewd-ufaq-'>\n\t\t\t<span >a<\/span>\n\t\t<\/div>\n\n\t\t<div class='ewd-ufaq-faq-title-text'>\n\n\t\t\t<h4>\n\t\t\t\tQuelles activit\u00e9s sont disponibles sur place ?\t\t\t<\/h4>\n\n\t\t<\/div>\n\n\t\t<div class='ewd-ufaq-clear'><\/div>\n\n\t<\/a>\n\t\n<\/div>\n\t\n\t<div class='ewd-ufaq-faq-body ewd-ufaq-hidden' >\n\n\t\t\n\t\t\t<div class='ewd-ufaq-faq-categories'>\n\t\n\tCategory:\n\t\n\t\t<a href=\"https:\/\/www.lacabanedelhetreaime.be\/ufaq\/y-a-t-il-une-connexion-internet\/?include_category=activites-et-services\">Activit\u00e9s et services<\/a>\n\t\n<\/div>\n\t\t\n\t\t\t<div class='ewd-ufaq-post-margin ewd-ufaq-faq-post'>\n\t\n<p>Profitez du jardin paysager, du terrain de p\u00e9tanque, et des balades dans la nature environnante. <\/p>\n\n\n\n<p>Des cartes de randonn\u00e9e et des suggestions d\u2019activit\u00e9s locales sont disponibles dans le g\u00eete.<\/p>\n<\/div>\n\t\t\n\t\t\t\n\t\t\n\t\t\t\n\t\t\n\t\t\t\n\t\t\n\t\t\t\n\t\t\n\t\t\t\n\t\t\n\t\t\t\n\t\t\n\t\t\t\n\t\t\n\t\t\t\n\t\t\n\t<\/div>\n\n<\/div><div  class=\"ewd-ufaq-faq-div ewd-ufaq-faq-column-count-one ewd-ufaq-faq-responsive-columns- ewd-ufaq-faq-display-style-default ewd-ufaq-can-be-toggled\" id='ewd-ufaq-post-955-ccYgJOaaUw' data-post_id='955'>\n\n\t\t\n\t<div class='ewd-ufaq-faq-title ewd-ufaq-faq-toggle'>\n\t\n\t<a class='ewd-ufaq-post-margin'  href='#' role=\"button\">\n\n\t\t<div class='ewd-ufaq-post-margin-symbol ewd-ufaq-'>\n\t\t\t<span >a<\/span>\n\t\t<\/div>\n\n\t\t<div class='ewd-ufaq-faq-title-text'>\n\n\t\t\t<h4>\n\t\t\t\tQuelles activit\u00e9s sportives sont \u00e0 proximit\u00e9\t\t\t<\/h4>\n\n\t\t<\/div>\n\n\t\t<div class='ewd-ufaq-clear'><\/div>\n\n\t<\/a>\n\t\n<\/div>\n\t\n\t<div class='ewd-ufaq-faq-body ewd-ufaq-hidden' >\n\n\t\t\n\t\t\t<div class='ewd-ufaq-faq-categories'>\n\t\n\tCategory:\n\t\n\t\t<a href=\"https:\/\/www.lacabanedelhetreaime.be\/ufaq\/y-a-t-il-une-connexion-internet\/?include_category=activites-et-services\">Activit\u00e9s et services<\/a>\n\t\n<\/div>\n\t\t\n\t\t\t<div class='ewd-ufaq-post-margin ewd-ufaq-faq-post'>\n\t\n<p>Location de Kayak ou parcours aventure chez les outsiders Ardennes.<br>Escalade et packraft notre partenaire \u00ab\u00a0stone travelers\u00a0\u00bb.<\/p>\n<\/div>\n\t\t\n\t\t\t\n\t\t\n\t\t\t\n\t\t\n\t\t\t\n\t\t\n\t\t\t\n\t\t\n\t\t\t\n\t\t\n\t\t\t\n\t\t\n\t\t\t\n\t\t\n\t\t\t\n\t\t\n\t<\/div>\n\n<\/div><div  class=\"ewd-ufaq-faq-div ewd-ufaq-faq-column-count-one ewd-ufaq-faq-responsive-columns- ewd-ufaq-faq-display-style-default ewd-ufaq-can-be-toggled\" id='ewd-ufaq-post-951-DVK8QYrTyF' data-post_id='951'>\n\n\t\t\n\t<div class='ewd-ufaq-faq-title ewd-ufaq-faq-toggle'>\n\t\n\t<a class='ewd-ufaq-post-margin'  href='#' role=\"button\">\n\n\t\t<div class='ewd-ufaq-post-margin-symbol ewd-ufaq-'>\n\t\t\t<span >a<\/span>\n\t\t<\/div>\n\n\t\t<div class='ewd-ufaq-faq-title-text'>\n\n\t\t\t<h4>\n\t\t\t\tQuels \u00e9quipements sont fournis ?\t\t\t<\/h4>\n\n\t\t<\/div>\n\n\t\t<div class='ewd-ufaq-clear'><\/div>\n\n\t<\/a>\n\t\n<\/div>\n\t\n\t<div class='ewd-ufaq-faq-body ewd-ufaq-hidden' >\n\n\t\t\n\t\t\t<div class='ewd-ufaq-faq-categories'>\n\t\n\tCategory:\n\t\n\t\t<a href=\"https:\/\/www.lacabanedelhetreaime.be\/ufaq\/y-a-t-il-une-connexion-internet\/?include_category=equipements\">\u00c9quipements<\/a>\n\t\n<\/div>\n\t\t\n\t\t\t<div class='ewd-ufaq-post-margin ewd-ufaq-faq-post'>\n\t\n<p>Sont inclus : lit pr\u00e9par\u00e9, serviettes de bain, peignoirs pour le<br>sauna, caf\u00e9, th\u00e9, savon pour les mains, produits de vaisselle,<br>Wifi, enceinte Bluetooth.<br>Cuisine \u00e9quip\u00e9e avec&nbsp;: four combin\u00e9 micro-onde, taque A<br>induction, lave-vaisselle, frigo bas avec petite zone de<br>surgelation, cafeti\u00e8re Nespresso, bouilloire d\u2019eau pour le th\u00e9<\/p>\n<\/div>\n\t\t\n\t\t\t\n\t\t\n\t\t\t\n\t\t\n\t\t\t\n\t\t\n\t\t\t\n\t\t\n\t\t\t\n\t\t\n\t\t\t\n\t\t\n\t\t\t\n\t\t\n\t\t\t\n\t\t\n\t<\/div>\n\n<\/div><div  class=\"ewd-ufaq-faq-div ewd-ufaq-faq-column-count-one ewd-ufaq-faq-responsive-columns- ewd-ufaq-faq-display-style-default ewd-ufaq-can-be-toggled\" id='ewd-ufaq-post-958-tyVFlmjxbF' data-post_id='958'>\n\n\t\t\n\t<div class='ewd-ufaq-faq-title ewd-ufaq-faq-toggle'>\n\t\n\t<a class='ewd-ufaq-post-margin'  href='#' role=\"button\">\n\n\t\t<div class='ewd-ufaq-post-margin-symbol ewd-ufaq-'>\n\t\t\t<span >a<\/span>\n\t\t<\/div>\n\n\t\t<div class='ewd-ufaq-faq-title-text'>\n\n\t\t\t<h4>\n\t\t\t\tQuels restaurants recommandez-vous ?\t\t\t<\/h4>\n\n\t\t<\/div>\n\n\t\t<div class='ewd-ufaq-clear'><\/div>\n\n\t<\/a>\n\t\n<\/div>\n\t\n\t<div class='ewd-ufaq-faq-body ewd-ufaq-hidden' >\n\n\t\t\n\t\t\t<div class='ewd-ufaq-faq-categories'>\n\t\n\tCategory:\n\t\n\t\t<a href=\"https:\/\/www.lacabanedelhetreaime.be\/ufaq\/y-a-t-il-une-connexion-internet\/?include_category=activites-et-services\">Activit\u00e9s et services<\/a>\n\t\n<\/div>\n\t\t\n\t\t\t<div class='ewd-ufaq-post-margin ewd-ufaq-faq-post'>\n\t\n<p>\u00c0 pied : \u00ab&nbsp;Sophie et Nicolas&nbsp;\u00bb coup de c\u0153ur gastronomique.<\/p>\n\n\n\n<p>Le Karsprowy (grill), Pizzeria Vicoletto, Oufti Burger. En voiture : Comptoir du Cochon, La Guinguette des Elfes.<\/p>\n<\/div>\n\t\t\n\t\t\t\n\t\t\n\t\t\t\n\t\t\n\t\t\t\n\t\t\n\t\t\t\n\t\t\n\t\t\t\n\t\t\n\t\t\t\n\t\t\n\t\t\t\n\t\t\n\t\t\t\n\t\t\n\t<\/div>\n\n<\/div><div  class=\"ewd-ufaq-faq-div ewd-ufaq-faq-column-count-one ewd-ufaq-faq-responsive-columns- ewd-ufaq-faq-display-style-default ewd-ufaq-can-be-toggled\" id='ewd-ufaq-post-944-ZV7UsAtIvK' data-post_id='944'>\n\n\t\t\n\t<div class='ewd-ufaq-faq-title ewd-ufaq-faq-toggle'>\n\t\n\t<a class='ewd-ufaq-post-margin'  href='#' role=\"button\">\n\n\t\t<div class='ewd-ufaq-post-margin-symbol ewd-ufaq-'>\n\t\t\t<span >a<\/span>\n\t\t<\/div>\n\n\t\t<div class='ewd-ufaq-faq-title-text'>\n\n\t\t\t<h4>\n\t\t\t\tQuels sont les horaires d\u2019arriv\u00e9e et de d\u00e9part ?\t\t\t<\/h4>\n\n\t\t<\/div>\n\n\t\t<div class='ewd-ufaq-clear'><\/div>\n\n\t<\/a>\n\t\n<\/div>\n\t\n\t<div class='ewd-ufaq-faq-body ewd-ufaq-hidden' >\n\n\t\t\n\t\t\t<div class='ewd-ufaq-faq-categories'>\n\t\n\tCategory:\n\t\n\t\t<a href=\"https:\/\/www.lacabanedelhetreaime.be\/ufaq\/y-a-t-il-une-connexion-internet\/?include_category=arrivee-et-depart\">Arriv\u00e9e et d\u00e9part<\/a>\n\t\n<\/div>\n\t\t\n\t\t\t<div class='ewd-ufaq-post-margin ewd-ufaq-faq-post'>\n\t<p>L\u2019arriv\u00e9e se fait \u00e0 partir de 17 h. Le d\u00e9part est pr\u00e9vu avant 11 h. Pour les r\u00e9servations du week-end, un d\u00e9part plus tardif est possible (15 h ou 16 h 30). Merci de pr\u00e9venir de votre heure d\u2019arriv\u00e9e par SMS au +32 473 54 36 46.<\/p>\n<\/div>\n\t\t\n\t\t\t\n\t\t\n\t\t\t\n\t\t\n\t\t\t\n\t\t\n\t\t\t\n\t\t\n\t\t\t\n\t\t\n\t\t\t\n\t\t\n\t\t\t\n\t\t\n\t\t\t\n\t\t\n\t<\/div>\n\n<\/div><div  class=\"ewd-ufaq-faq-div ewd-ufaq-faq-column-count-one ewd-ufaq-faq-responsive-columns- ewd-ufaq-faq-display-style-default ewd-ufaq-can-be-toggled\" id='ewd-ufaq-post-939-xTDfxpGPXo' data-post_id='939'>\n\n\t\t\n\t<div class='ewd-ufaq-faq-title ewd-ufaq-faq-toggle'>\n\t\n\t<a class='ewd-ufaq-post-margin'  href='#' role=\"button\">\n\n\t\t<div class='ewd-ufaq-post-margin-symbol ewd-ufaq-'>\n\t\t\t<span >a<\/span>\n\t\t<\/div>\n\n\t\t<div class='ewd-ufaq-faq-title-text'>\n\n\t\t\t<h4>\n\t\t\t\tQuels sont les moyens de paiement accept\u00e9s ?\t\t\t<\/h4>\n\n\t\t<\/div>\n\n\t\t<div class='ewd-ufaq-clear'><\/div>\n\n\t<\/a>\n\t\n<\/div>\n\t\n\t<div class='ewd-ufaq-faq-body ewd-ufaq-hidden' >\n\n\t\t\n\t\t\t<div class='ewd-ufaq-faq-categories'>\n\t\n\tCategory:\n\t\n\t\t<a href=\"https:\/\/www.lacabanedelhetreaime.be\/ufaq\/y-a-t-il-une-connexion-internet\/?include_category=reservations\">R\u00e9servations<\/a>\n\t\n<\/div>\n\t\t\n\t\t\t<div class='ewd-ufaq-post-margin ewd-ufaq-faq-post'>\n\t<p>Nous acceptons les paiements par virement bancaire et via notre syst\u00e8me s\u00e9curis\u00e9 en ligne (Stripe).<\/p>\n<\/div>\n\t\t\n\t\t\t\n\t\t\n\t\t\t\n\t\t\n\t\t\t\n\t\t\n\t\t\t\n\t\t\n\t\t\t\n\t\t\n\t\t\t\n\t\t\n\t\t\t\n\t\t\n\t\t\t\n\t\t\n\t<\/div>\n\n<\/div><div  class=\"ewd-ufaq-faq-div ewd-ufaq-faq-column-count-one ewd-ufaq-faq-responsive-columns- ewd-ufaq-faq-display-style-default ewd-ufaq-can-be-toggled\" id='ewd-ufaq-post-950-jAC4TBoYWO' data-post_id='950'>\n\n\t\t\n\t<div class='ewd-ufaq-faq-title ewd-ufaq-faq-toggle'>\n\t\n\t<a class='ewd-ufaq-post-margin'  href='#' role=\"button\">\n\n\t\t<div class='ewd-ufaq-post-margin-symbol ewd-ufaq-'>\n\t\t\t<span >a<\/span>\n\t\t<\/div>\n\n\t\t<div class='ewd-ufaq-faq-title-text'>\n\n\t\t\t<h4>\n\t\t\t\tY a-t-il un parking disponible ?\t\t\t<\/h4>\n\n\t\t<\/div>\n\n\t\t<div class='ewd-ufaq-clear'><\/div>\n\n\t<\/a>\n\t\n<\/div>\n\t\n\t<div class='ewd-ufaq-faq-body ewd-ufaq-hidden' >\n\n\t\t\n\t\t\t<div class='ewd-ufaq-faq-categories'>\n\t\n\tCategory:\n\t\n\t\t<a href=\"https:\/\/www.lacabanedelhetreaime.be\/ufaq\/y-a-t-il-une-connexion-internet\/?include_category=arrivee-et-depart\">Arriv\u00e9e et d\u00e9part<\/a>\n\t\n<\/div>\n\t\t\n\t\t\t<div class='ewd-ufaq-post-margin ewd-ufaq-faq-post'>\n\t\n<p>Oui, une place de parking est r\u00e9serv\u00e9e sur la propri\u00e9t\u00e9.<\/p>\n<\/div>\n\t\t\n\t\t\t\n\t\t\n\t\t\t\n\t\t\n\t\t\t\n\t\t\n\t\t\t\n\t\t\n\t\t\t\n\t\t\n\t\t\t\n\t\t\n\t\t\t\n\t\t\n\t\t\t\n\t\t\n\t<\/div>\n\n<\/div><div  class=\"ewd-ufaq-faq-div ewd-ufaq-faq-column-count-one ewd-ufaq-faq-responsive-columns- ewd-ufaq-faq-display-style-default ewd-ufaq-can-be-toggled\" id='ewd-ufaq-post-953-nu1Q3Oo7tA' data-post_id='953'>\n\n\t\t\n\t<div class='ewd-ufaq-faq-title ewd-ufaq-faq-toggle'>\n\t\n\t<a class='ewd-ufaq-post-margin'  href='#' role=\"button\">\n\n\t\t<div class='ewd-ufaq-post-margin-symbol ewd-ufaq-'>\n\t\t\t<span >a<\/span>\n\t\t<\/div>\n\n\t\t<div class='ewd-ufaq-faq-title-text'>\n\n\t\t\t<h4>\n\t\t\t\tY a-t-il un sauna ?\t\t\t<\/h4>\n\n\t\t<\/div>\n\n\t\t<div class='ewd-ufaq-clear'><\/div>\n\n\t<\/a>\n\t\n<\/div>\n\t\n\t<div class='ewd-ufaq-faq-body ewd-ufaq-hidden' >\n\n\t\t\n\t\t\t<div class='ewd-ufaq-faq-categories'>\n\t\n\tCategory:\n\t\n\t\t<a href=\"https:\/\/www.lacabanedelhetreaime.be\/ufaq\/y-a-t-il-une-connexion-internet\/?include_category=equipements\">\u00c9quipements<\/a>\n\t\n<\/div>\n\t\t\n\t\t\t<div class='ewd-ufaq-post-margin ewd-ufaq-faq-post'>\n\t\n<p>Oui, le sauna est \u00e9quip\u00e9 d\u2019un four traditionnel et de deux infrarouges.<\/p>\n<\/div>\n\t\t\n\t\t\t\n\t\t\n\t\t\t\n\t\t\n\t\t\t\n\t\t\n\t\t\t\n\t\t\n\t\t\t\n\t\t\n\t\t\t\n\t\t\n\t\t\t\n\t\t\n\t\t\t\n\t\t\n\t<\/div>\n\n<\/div><div  class=\"ewd-ufaq-faq-div ewd-ufaq-faq-column-count-one ewd-ufaq-faq-responsive-columns- ewd-ufaq-faq-display-style-default ewd-ufaq-can-be-toggled\" id='ewd-ufaq-post-940-zp9anBtKw5' data-post_id='940'>\n\n\t\t\n\t<div class='ewd-ufaq-faq-title ewd-ufaq-faq-toggle'>\n\t\n\t<a class='ewd-ufaq-post-margin'  href='#' role=\"button\">\n\n\t\t<div class='ewd-ufaq-post-margin-symbol ewd-ufaq-'>\n\t\t\t<span >a<\/span>\n\t\t<\/div>\n\n\t\t<div class='ewd-ufaq-faq-title-text'>\n\n\t\t\t<h4>\n\t\t\t\tY a-t-il une caution \u00e0 pr\u00e9voir ?\t\t\t<\/h4>\n\n\t\t<\/div>\n\n\t\t<div class='ewd-ufaq-clear'><\/div>\n\n\t<\/a>\n\t\n<\/div>\n\t\n\t<div class='ewd-ufaq-faq-body ewd-ufaq-hidden' >\n\n\t\t\n\t\t\t<div class='ewd-ufaq-faq-categories'>\n\t\n\tCategory:\n\t\n\t\t<a href=\"https:\/\/www.lacabanedelhetreaime.be\/ufaq\/y-a-t-il-une-connexion-internet\/?include_category=reservations\">R\u00e9servations<\/a>\n\t\n<\/div>\n\t\t\n\t\t\t<div class='ewd-ufaq-post-margin ewd-ufaq-faq-post'>\n\t<p>Oui, une caution de 250 \u20ac est demand\u00e9e. Elle est restitu\u00e9e dans les 14 jours suivant votre d\u00e9part, sous r\u00e9serve d\u2019absence de d\u00e9g\u00e2ts.<\/p>\n<\/div>\n\t\t\n\t\t\t\n\t\t\n\t\t\t\n\t\t\n\t\t\t\n\t\t\n\t\t\t\n\t\t\n\t\t\t\n\t\t\n\t\t\t\n\t\t\n\t\t\t\n\t\t\n\t\t\t\n\t\t\n\t<\/div>\n\n<\/div><div  class=\"ewd-ufaq-faq-div ewd-ufaq-faq-column-count-one ewd-ufaq-faq-responsive-columns- ewd-ufaq-faq-display-style-default ewd-ufaq-can-be-toggled\" id='ewd-ufaq-post-960-wfxm3FcxVk' data-post_id='960'>\n\n\t\t\n\t<div class='ewd-ufaq-faq-title ewd-ufaq-faq-toggle'>\n\t\n\t<a class='ewd-ufaq-post-margin'  href='#' role=\"button\">\n\n\t\t<div class='ewd-ufaq-post-margin-symbol ewd-ufaq-'>\n\t\t\t<span >a<\/span>\n\t\t<\/div>\n\n\t\t<div class='ewd-ufaq-faq-title-text'>\n\n\t\t\t<h4>\n\t\t\t\tY a-t-il une connexion Internet ?\t\t\t<\/h4>\n\n\t\t<\/div>\n\n\t\t<div class='ewd-ufaq-clear'><\/div>\n\n\t<\/a>\n\t\n<\/div>\n\t\n\t<div class='ewd-ufaq-faq-body ewd-ufaq-hidden' >\n\n\t\t\n\t\t\t<div class='ewd-ufaq-faq-categories'>\n\t\n\tCategory:\n\t\n\t\t<a href=\"https:\/\/www.lacabanedelhetreaime.be\/ufaq\/y-a-t-il-une-connexion-internet\/?include_category=regles-du-gite\">R\u00e8gles du g\u00eete<\/a>\n\t\n<\/div>\n\t\t\n\t\t\t<div class='ewd-ufaq-post-margin ewd-ufaq-faq-post'>\n\t\n<p>Oui, un acc\u00e8s Wifi est disponible \u00e0 connecter ou d\u00e9connecter.<\/p>\n<\/div>\n\t\t\n\t\t\t\n\t\t\n\t\t\t\n\t\t\n\t\t\t\n\t\t\n\t\t\t\n\t\t\n\t\t\t\n\t\t\n\t\t\t\n\t\t\n\t\t\t\n\t\t\n\t\t\t\n\t\t\n\t<\/div>\n\n<\/div>\n\t<\/div>\n\n\t\n<\/div>\n\n\n<p><em>Cette organisation permet une navigation facile et une lecture rapide des r\u00e9ponses essentielles pour<br>les futurs visiteurs.<\/em><\/p>\n\n\n\n<p><\/p>\n","protected":false},"excerpt":{"rendered":"<p>Cette organisation permet une navigation facile et une lecture rapide des r\u00e9ponses essentielles pourles futurs visiteurs.<\/p>\n","protected":false},"author":1,"featured_media":0,"parent":0,"menu_order":0,"comment_status":"closed","ping_status":"closed","template":"","meta":{"footnotes":""},"class_list":["post-918","page","type-page","status-publish","hentry"],"_links":{"self":[{"href":"https:\/\/www.lacabanedelhetreaime.be\/wp-json\/wp\/v2\/pages\/918","targetHints":{"allow":["GET"]}}],"collection":[{"href":"https:\/\/www.lacabanedelhetreaime.be\/wp-json\/wp\/v2\/pages"}],"about":[{"href":"https:\/\/www.lacabanedelhetreaime.be\/wp-json\/wp\/v2\/types\/page"}],"author":[{"embeddable":true,"href":"https:\/\/www.lacabanedelhetreaime.be\/wp-json\/wp\/v2\/users\/1"}],"replies":[{"embeddable":true,"href":"https:\/\/www.lacabanedelhetreaime.be\/wp-json\/wp\/v2\/comments?post=918"}],"version-history":[{"count":0,"href":"https:\/\/www.lacabanedelhetreaime.be\/wp-json\/wp\/v2\/pages\/918\/revisions"}],"wp:attachment":[{"href":"https:\/\/www.lacabanedelhetreaime.be\/wp-json\/wp\/v2\/media?parent=918"}],"curies":[{"name":"wp","href":"https:\/\/api.w.org\/{rel}","templated":true}]}}